{"id":937,"date":"2024-12-17T10:33:42","date_gmt":"2024-12-17T09:33:42","guid":{"rendered":"https:\/\/legalcontrol.eu\/?page_id=937"},"modified":"2025-01-14T17:11:37","modified_gmt":"2025-01-14T16:11:37","slug":"privacy-policy","status":"publish","type":"page","link":"https:\/\/legalcontrol.eu\/de\/privacy-policy\/","title":{"rendered":"Privacybeleid"},"content":{"rendered":"\t\t<div data-elementor-type=\"wp-page\" data-elementor-id=\"937\" class=\"elementor elementor-937\" data-elementor-post-type=\"page\">\n\t\t\t\t<div class=\"elementor-element elementor-element-9d5a215 header e-flex e-con-boxed e-con e-parent\" data-id=\"9d5a215\" data-element_type=\"container\">\n\t\t\t\t\t<div class=\"e-con-inner\">\n\t\t<div class=\"elementor-element elementor-element-be72c86 e-con-full container e-flex e-con e-child\" data-id=\"be72c86\" data-element_type=\"container\">\n\t\t\t\t<div class=\"elementor-element elementor-element-2a58324 elementor-widget elementor-widget-heading\" data-id=\"2a58324\" data-element_type=\"widget\" data-widget_type=\"heading.default\">\n\t\t\t\t<div class=\"elementor-widget-container\">\n\t\t\t<style>\/*! elementor - v3.21.0 - 26-05-2024 *\/\n.elementor-heading-title{padding:0;margin:0;line-height:1}.elementor-widget-heading .elementor-heading-title[class*=elementor-size-]>a{color:inherit;font-size:inherit;line-height:inherit}.elementor-widget-heading .elementor-heading-title.elementor-size-small{font-size:15px}.elementor-widget-heading .elementor-heading-title.elementor-size-medium{font-size:19px}.elementor-widget-heading .elementor-heading-title.elementor-size-large{font-size:29px}.elementor-widget-heading .elementor-heading-title.elementor-size-xl{font-size:39px}.elementor-widget-heading .elementor-heading-title.elementor-size-xxl{font-size:59px}<\/style><h1 class=\"elementor-heading-title elementor-size-default\">Datenschutzrichtlinie<\/h1>\t\t<\/div>\n\t\t\t\t<\/div>\n\t\t\t\t<\/div>\n\t\t\t\t\t<\/div>\n\t\t\t\t<\/div>\n\t\t<div class=\"elementor-element elementor-element-43ce898 e-flex e-con-boxed e-con e-parent\" data-id=\"43ce898\" data-element_type=\"container\">\n\t\t\t\t\t<div class=\"e-con-inner\">\n\t\t<div class=\"elementor-element elementor-element-d12b5d9 container e-flex e-con-boxed e-con e-child\" data-id=\"d12b5d9\" data-element_type=\"container\">\n\t\t\t\t\t<div class=\"e-con-inner\">\n\t\t\t\t<div class=\"elementor-element elementor-element-02255c8 elementor-widget elementor-widget-shortcode\" data-id=\"02255c8\" data-element_type=\"widget\" data-widget_type=\"shortcode.default\">\n\t\t\t\t<div class=\"elementor-widget-container\">\n\t\t\t\t\t<div class=\"elementor-shortcode\">\n  <script type=\"text\/javascript\" id=\"google-translate-script\">\n  function googleTranslateElementInit() {\n      new google.translate.TranslateElement(\n          {pageLanguage: 'de'},\n          'google_translate_element'\n      );\n  }\n  <\/script>\n  <script type=\"text\/javascript\" id=\"google-translate-code\" src=\"https:\/\/translate.google.com\/translate_a\/element.js?cb=googleTranslateElementInit#googtrans(fr)\"><\/script>\n  <div id=\"google_translate_element\" class=\"google-translate-element\"><\/div>\n  <\/div>\n\t\t\t\t<\/div>\n\t\t\t\t<\/div>\n\t\t\t\t<div class=\"elementor-element elementor-element-b295439 elementor-widget elementor-widget-text-editor\" data-id=\"b295439\" data-element_type=\"widget\" data-widget_type=\"text-editor.default\">\n\t\t\t\t<div class=\"elementor-widget-container\">\n\t\t\t<style>\/*! elementor - v3.21.0 - 26-05-2024 *\/\n.elementor-widget-text-editor.elementor-drop-cap-view-stacked .elementor-drop-cap{background-color:#69727d;color:#fff}.elementor-widget-text-editor.elementor-drop-cap-view-framed .elementor-drop-cap{color:#69727d;border:3px solid;background-color:transparent}.elementor-widget-text-editor:not(.elementor-drop-cap-view-default) .elementor-drop-cap{margin-top:8px}.elementor-widget-text-editor:not(.elementor-drop-cap-view-default) .elementor-drop-cap-letter{width:1em;height:1em}.elementor-widget-text-editor .elementor-drop-cap{float:left;text-align:center;line-height:1;font-size:50px}.elementor-widget-text-editor .elementor-drop-cap-letter{display:inline-block}<\/style>\t\t\t\t<h4 class=\"wp-block-heading\">LEGAL CONTROL APP<\/h4><p>Legal Control App can process personal data about you since you make use of the services of Legal Control App, and\/or because you yourself provided them when completing a contact form on the website of Legal Control App.<\/p><p>Legal Control App can process the following personal data:<br \/>&#8211; Your first name and surname<br \/>&#8211; Your company name<br \/>&#8211; Your address data <br \/>&#8211; Your telephone number(s)<br \/>&#8211; Your email address<br \/>&#8211; Your IP address and all the data we need for the services provided to you and their financial settlement.<\/p><h4>WHY DOES LEGAL CONTROL APP NEED DATA<\/h4><p>Legal Control App processes your personal data to be able to contact you by telephone if you ask us to and\/or to approach you in writing (by e-mail and\/or by mail) if we cannot reach you by telephone. In addition, Legal Control App may use your personal data within the framework of executing an agreement entered into with your, or due to a legal obligation.<\/p><p>Legal Control App collects real-time location data from your mobile device, including GPS coordinates, to track your navigation and routes while using the app and provide accurate navigation services and route optimization.<\/p><h4>HOW LONG DOES LEGAL CONTROL APP KEEP THE DATA<\/h4><p>Legal Control App does not keep your personal data for longer than strictly necessary to achieve the purposes for which your data is collected or is required by a legal obligation. Your data is not kept for longer than a year if no agreement is entered into with you.<\/p><h4>SHARING WITH OTHERS<\/h4><p>Legal Control App only shares your personal data with third parties if this is necessary for the execution of an agreement with you or to meet a legal requirement.<\/p><h4>COOKIES<\/h4><p>We use cookies on our website. A cookie is a small text file that is stored on your computer, tablet, smartphone or other device when you visit a website. Cookies are often used to make websites work or work more efficiently. We do not use cookies to track you personally or to identify you. We use session cookies to keep track of the login sessions of visitors to our website. You can set your internet browser so that it no longer stores cookies. In addition, you can also delete all information previously stored via your browser settings. Please note that you may not have full access to all functionalities of this website.<\/p><h4>CHARTING WEBSITE VISITS<\/h4><p>General visit data is tracked on the website of Legal Control App, including the IP address of your computer and the time of retrieval and data that your browser sends. This information is used to analyse visitor and click behaviour on the website. Legal Control App uses this information to improve the functioning of the website. This is information is anonymised as much as possible and is not shared with third parties.<\/p><h4>ACCESS TO, UPDATE OR REMOVE DATA<\/h4><p>You have the right to access your personal data, to correct or remove it. You can send a request for access, correction or removal to max@bluebrother.nl. Legal Control App will react to your request as quickly as possible, but in any case within four weeks.<\/p><h4>SECURITY<\/h4><p>Legal Control App takes the proception of your data seriously and has taken appropriate technical and organisations measures (GDPR General Data Protection Regulation) to avoid abuse, loss, unauthorised access, publication and alteration. Legal Control App\u2019s website makes use of a reliable SSL Certificate to guarantee that your personal data cannot fall into the wrong hands. If you have the impression that your data is not properly secured or there are indications of abuse or if you would like more information about the protection of personal data collected by Legal Control App, please contact Legal Control App.<\/p><h4>MORE INFORMATION<\/h4><p>If you have the impression that your data is not properly secured or there are indications of misuse, or if you would like more information about the security of Legal Control App collected personal data, please contact Legal Control App via <a href=\"mailto:info@transportinnood.nl\">info@transportinnood.nl<\/a>.<br \/>www.legalcontrol.eu is a website of Legal Control App.<\/p><h4>Legal Control App can be reached as follows:<\/h4><h4>Head Office<\/h4><div class=\"elementor-element elementor-element-766b8a8 elementor-widget elementor-widget-text-editor\" data-id=\"766b8a8\" data-element_type=\"widget\" data-widget_type=\"text-editor.default\"><div class=\"elementor-widget-container\"><p><strong>NL<br \/><\/strong>Transport in Nood B.V.<br \/>Flevolaan 27-G<br \/>1382 JX Weesp<br \/>Nederland<\/p><p><strong>DE<\/strong><br \/>Transport in Not GmbH<br \/>Europaplatz 10<br \/>44269 Dortmund Deutschland<\/p><p><strong>CONTACT<br \/><\/strong>Tel: +31(0)85 0719 600<\/p><\/div><\/div><div class=\"elementor-element elementor-element-e23aea1 elementor-widget elementor-widget-text-editor\" data-id=\"e23aea1\" data-element_type=\"widget\" data-widget_type=\"text-editor.default\"><div class=\"elementor-widget-container\"><h3>Company Details<\/h3><p><strong>NL<\/strong><br \/>Transport in Nood B.V.<br \/>BTW: L820131854B01<br \/>KvK: 4318509<\/p><p><strong>DE<\/strong><br \/>Transport in Not GmbH<br \/>Ust-idNr: E338110865<br \/>HRB: 2408<\/p><p><strong>HU<\/strong><br \/>TIN Support Kft<br \/>Ad\u00f3sz\u00e1m: U27793082<br \/>C\u00e9gjegyz\u00e9ksz\u00e1m:11-09-029491<\/p><\/div><\/div>\t\t\t\t\t\t<\/div>\n\t\t\t\t<\/div>\n\t\t\t\t\t<\/div>\n\t\t\t\t<\/div>\n\t\t\t\t\t<\/div>\n\t\t\t\t<\/div>\n\t\t\t\t<\/div>\n\t\t","protected":false},"excerpt":{"rendered":"<p>Legal Control App kan persoonsgegevens over u verwerken, doordat u gebruik maakt van de diensten van Legal Control App BV, en\/of omdat u deze zelf bij het invullen van een contactformulier op de website aan Legal Control App BV verstrekt. Legal Control App BV kan de volgende persoonsgegevens verwerken: \u2013 Uw voor- en achternaam \u2013 Uw bedrijfsnaam \u2013 Uw adresgegevens \u2013 Uw telefoonnummer(s) \u2013 Uw e-mailadres \u2013 Uw IP-adres en alle gegevens welke wij nodig zijn voor de aan u geleverde diensten en de financi\u00eble afwikkeling daarvan.<\/p>\n","protected":false},"author":1,"featured_media":623,"parent":0,"menu_order":4,"comment_status":"closed","ping_status":"closed","template":"","meta":{"_acf_changed":false,"footnotes":""},"class_list":["post-937","page","type-page","status-publish","has-post-thumbnail","hentry"],"acf":[],"_links":{"self":[{"href":"https:\/\/legalcontrol.eu\/de\/wp-json\/wp\/v2\/pages\/937","targetHints":{"allow":["GET"]}}],"collection":[{"href":"https:\/\/legalcontrol.eu\/de\/wp-json\/wp\/v2\/pages"}],"about":[{"href":"https:\/\/legalcontrol.eu\/de\/wp-json\/wp\/v2\/types\/page"}],"author":[{"embeddable":true,"href":"https:\/\/legalcontrol.eu\/de\/wp-json\/wp\/v2\/users\/1"}],"replies":[{"embeddable":true,"href":"https:\/\/legalcontrol.eu\/de\/wp-json\/wp\/v2\/comments?post=937"}],"version-history":[{"count":11,"href":"https:\/\/legalcontrol.eu\/de\/wp-json\/wp\/v2\/pages\/937\/revisions"}],"predecessor-version":[{"id":987,"href":"https:\/\/legalcontrol.eu\/de\/wp-json\/wp\/v2\/pages\/937\/revisions\/987"}],"wp:featuredmedia":[{"embeddable":true,"href":"https:\/\/legalcontrol.eu\/de\/wp-json\/wp\/v2\/media\/623"}],"wp:attachment":[{"href":"https:\/\/legalcontrol.eu\/de\/wp-json\/wp\/v2\/media?parent=937"}],"curies":[{"name":"wp","href":"https:\/\/api.w.org\/{rel}","templated":true}]}}