{"id":950,"date":"2024-12-19T09:55:55","date_gmt":"2024-12-19T08:55:55","guid":{"rendered":"https:\/\/legalcontrol.eu\/privacy-policy-copy\/"},"modified":"2024-12-19T10:55:48","modified_gmt":"2024-12-19T09:55:48","slug":"policies","status":"publish","type":"page","link":"https:\/\/legalcontrol.eu\/hr\/policies\/","title":{"rendered":"Beleid"},"content":{"rendered":"\t\t<div data-elementor-type=\"wp-page\" data-elementor-id=\"950\" class=\"elementor elementor-950\" data-elementor-post-type=\"page\">\n\t\t\t\t<div class=\"elementor-element elementor-element-9d5a215 header e-flex e-con-boxed e-con e-parent\" data-id=\"9d5a215\" data-element_type=\"container\">\n\t\t\t\t\t<div class=\"e-con-inner\">\n\t\t<div class=\"elementor-element elementor-element-be72c86 e-con-full container e-flex e-con e-child\" data-id=\"be72c86\" data-element_type=\"container\">\n\t\t\t\t<div class=\"elementor-element elementor-element-2a58324 elementor-widget elementor-widget-heading\" data-id=\"2a58324\" data-element_type=\"widget\" data-widget_type=\"heading.default\">\n\t\t\t\t<div class=\"elementor-widget-container\">\n\t\t\t<style>\/*! elementor - v3.21.0 - 26-05-2024 *\/\n.elementor-heading-title{padding:0;margin:0;line-height:1}.elementor-widget-heading .elementor-heading-title[class*=elementor-size-]>a{color:inherit;font-size:inherit;line-height:inherit}.elementor-widget-heading .elementor-heading-title.elementor-size-small{font-size:15px}.elementor-widget-heading .elementor-heading-title.elementor-size-medium{font-size:19px}.elementor-widget-heading .elementor-heading-title.elementor-size-large{font-size:29px}.elementor-widget-heading .elementor-heading-title.elementor-size-xl{font-size:39px}.elementor-widget-heading .elementor-heading-title.elementor-size-xxl{font-size:59px}<\/style><h1 class=\"elementor-heading-title elementor-size-default\">Politike<\/h1>\t\t<\/div>\n\t\t\t\t<\/div>\n\t\t\t\t<\/div>\n\t\t\t\t\t<\/div>\n\t\t\t\t<\/div>\n\t\t<div class=\"elementor-element elementor-element-43ce898 e-flex e-con-boxed e-con e-parent\" data-id=\"43ce898\" data-element_type=\"container\">\n\t\t\t\t\t<div class=\"e-con-inner\">\n\t\t<div class=\"elementor-element elementor-element-d12b5d9 container e-flex e-con-boxed e-con e-child\" data-id=\"d12b5d9\" data-element_type=\"container\">\n\t\t\t\t\t<div class=\"e-con-inner\">\n\t\t\t\t<div class=\"elementor-element elementor-element-02255c8 elementor-widget elementor-widget-shortcode\" data-id=\"02255c8\" data-element_type=\"widget\" data-widget_type=\"shortcode.default\">\n\t\t\t\t<div class=\"elementor-widget-container\">\n\t\t\t\t\t<div class=\"elementor-shortcode\">\n  <script type=\"text\/javascript\" id=\"google-translate-script\">\n  function googleTranslateElementInit() {\n      new google.translate.TranslateElement(\n          {pageLanguage: 'hr'},\n          'google_translate_element'\n      );\n  }\n  <\/script>\n  <script type=\"text\/javascript\" id=\"google-translate-code\" src=\"https:\/\/translate.google.com\/translate_a\/element.js?cb=googleTranslateElementInit#googtrans(fr)\"><\/script>\n  <div id=\"google_translate_element\" class=\"google-translate-element\"><\/div>\n  <\/div>\n\t\t\t\t<\/div>\n\t\t\t\t<\/div>\n\t\t\t\t<div class=\"elementor-element elementor-element-00dd9b3 elementor-widget elementor-widget-shortcode\" data-id=\"00dd9b3\" data-element_type=\"widget\" data-widget_type=\"shortcode.default\">\n\t\t\t\t<div class=\"elementor-widget-container\">\n\t\t\t\t\t<div class=\"elementor-shortcode\"><div class=\"all-privacy\"><br \/><h1 class=\"all-privacy__title\">Politika privatnosti<\/h1><style>\/*! elementor - v3.21.0 - 26-05-2024 *\/\n.elementor-heading-title{padding:0;margin:0;line-height:1}.elementor-widget-heading .elementor-heading-title[class*=elementor-size-]>a{color:inherit;font-size:inherit;line-height:inherit}.elementor-widget-heading .elementor-heading-title.elementor-size-small{font-size:15px}.elementor-widget-heading .elementor-heading-title.elementor-size-medium{font-size:19px}.elementor-widget-heading .elementor-heading-title.elementor-size-large{font-size:29px}.elementor-widget-heading .elementor-heading-title.elementor-size-xl{font-size:39px}.elementor-widget-heading .elementor-heading-title.elementor-size-xxl{font-size:59px}<\/style><h1>Privacybeleid<\/h1>\t\t\n\t\t\n  <script type=\"text\/javascript\" id=\"google-translate-script\">\n  function googleTranslateElementInit() {\n      new google.translate.TranslateElement(\n          {pageLanguage: 'hr'},\n          'google_translate_element'\n      );\n  }\n  <\/script>\n  <script type=\"text\/javascript\" id=\"google-translate-code\" src=\"https:\/\/translate.google.com\/translate_a\/element.js?cb=googleTranslateElementInit#googtrans(fr)\"><\/script>\n  <div id=\"google_translate_element\" class=\"google-translate-element\"><\/div>\n  <h4>LEGAL CONTROL APP<\/h4><p>Legal Control App can process personal data about you since you make use of the services of Legal Control App, and\/or because you yourself provided them when completing a contact form on the website of Legal Control App.<\/p><p>Legal Control App can process the following personal data:<br \/>- Your first name and surname<br \/>- Your company name<br \/>- Your address data <br \/>- Your telephone number(s)<br \/>- Your email address<br \/>- Your IP address and all the data we need for the services provided to you and their financial settlement.<\/p><h4>WHY DOES LEGAL CONTROL APP NEED DATA<\/h4><p>Legal Control App processes your personal data to be able to contact you by telephone if you ask us to and\/or to approach you in writing (by e-mail and\/or by mail) if we cannot reach you by telephone. In addition, Legal Control App may use your personal data within the framework of executing an agreement entered into with your, or due to a legal obligation.<\/p><p>Legal Control App collects real-time location data from your mobile device, including GPS coordinates, to track your navigation and routes while using the app and provide accurate navigation services and route optimization.<\/p><h4>HOW LONG DOES LEGAL CONTROL APP KEEP THE DATA<\/h4><p>Legal Control App does not keep your personal data for longer than strictly necessary to achieve the purposes for which your data is collected or is required by a legal obligation. Your data is not kept for longer than a year if no agreement is entered into with you.<\/p><h4>SHARING WITH OTHERS<\/h4><p>Legal Control App only shares your personal data with third parties if this is necessary for the execution of an agreement with you or to meet a legal requirement.<\/p><h4>COOKIES<\/h4><p>We use cookies on our website. A cookie is a small text file that is stored on your computer, tablet, smartphone or other device when you visit a website. Cookies are often used to make websites work or work more efficiently. We do not use cookies to track you personally or to identify you. We use session cookies to keep track of the login sessions of visitors to our website. You can set your internet browser so that it no longer stores cookies. In addition, you can also delete all information previously stored via your browser settings. Please note that you may not have full access to all functionalities of this website.<\/p><h4>CHARTING WEBSITE VISITS<\/h4><p>General visit data is tracked on the website of Legal Control App, including the IP address of your computer and the time of retrieval and data that your browser sends. This information is used to analyse visitor and click behaviour on the website. Legal Control App uses this information to improve the functioning of the website. This is information is anonymised as much as possible and is not shared with third parties.<\/p><h4>ACCESS TO, UPDATE OR REMOVE DATA<\/h4><p>You have the right to access your personal data, to correct or remove it. You can send a request for access, correction or removal to max@bluebrother.nl. Legal Control App will react to your request as quickly as possible, but in any case within four weeks.<\/p><h4>SECURITY<\/h4><p>Legal Control App takes the proception of your data seriously and has taken appropriate technical and organisations measures (GDPR General Data Protection Regulation) to avoid abuse, loss, unauthorised access, publication and alteration. Legal Control App\u2019s website makes use of a reliable SSL Certificate to guarantee that your personal data cannot fall into the wrong hands. If you have the impression that your data is not properly secured or there are indications of abuse or if you would like more information about the protection of personal data collected by Legal Control App, please contact Legal Control App.<\/p><h4>MORE INFORMATION<\/h4><p>If you have the impression that your data is not properly secured or there are indications of misuse, or if you would like more information about the security of Legal Control App collected personal data, please contact Legal Control App via <a href=\"mailto:info@transportinnood.nl\">info@transportinnood.nl<\/a>.<br \/>www.legalcontrol.eu is a website of Legal Control App.<\/p><h4>Legal Control App can be reached as follows:<\/h4><h4>Head Office<\/h4><p><strong>NL<br \/><\/strong>Transport in Nood B.V.<br \/>Flevolaan 27-G<br \/>1382 JX Weesp<br \/>Nederland<\/p><p><strong>DE<\/strong><br \/>Transport in Not GmbH<br \/>Europaplatz 10<br \/>44269 Dortmund Deutschland<\/p><p><strong>CONTACT<br \/><\/strong>Tel: +31(0)85 0719 600<\/p><h3>Company Details<\/h3><p><strong>NL<\/strong><br \/>Transport in Nood B.V.<br \/>BTW: L820131854B01<br \/>KvK: 4318509<\/p><p><strong>DE<\/strong><br \/>Transport in Not GmbH<br \/>Ust-idNr: E338110865<br \/>HRB: 2408<\/p><p><strong>HU<\/strong><br \/>TIN Support Kft<br \/>Ad\u00f3sz\u00e1m: U27793082<br \/>C\u00e9gjegyz\u00e9ksz\u00e1m:11-09-029491<\/p><br \/><h1 class=\"all-privacy__title\">Kola\u010di\u0107i<\/h1><style>\/*! elementor - v3.21.0 - 26-05-2024 *\/\n.elementor-heading-title{padding:0;margin:0;line-height:1}.elementor-widget-heading .elementor-heading-title[class*=elementor-size-]>a{color:inherit;font-size:inherit;line-height:inherit}.elementor-widget-heading .elementor-heading-title.elementor-size-small{font-size:15px}.elementor-widget-heading .elementor-heading-title.elementor-size-medium{font-size:19px}.elementor-widget-heading .elementor-heading-title.elementor-size-large{font-size:29px}.elementor-widget-heading .elementor-heading-title.elementor-size-xl{font-size:39px}.elementor-widget-heading .elementor-heading-title.elementor-size-xxl{font-size:59px}<\/style><h1>Cookiebeleid<\/h1>\t\t\n\t\t\n  <script type=\"text\/javascript\" id=\"google-translate-script\">\n  function googleTranslateElementInit() {\n      new google.translate.TranslateElement(\n          {pageLanguage: 'hr'},\n          'google_translate_element'\n      );\n  }\n  <\/script>\n  <script type=\"text\/javascript\" id=\"google-translate-code\" src=\"https:\/\/translate.google.com\/translate_a\/element.js?cb=googleTranslateElementInit#googtrans(fr)\"><\/script>\n  <div id=\"google_translate_element\" class=\"google-translate-element\"><\/div>\n  <h4>ABOUT THIS COOKIE POLICY<\/h4><p>The Cookie Policy explains what cookies are and how we use them. You should read it to understand what cookies are, what types of cookies we use, how we use them, the type of information that we collect using cookies, how that information is used and how you can check your cookie preferences. For more information about how we use, store and keep your personal data secure, please refer to our Privacy Policy.<\/p><p>You can change or retract your consent for the cookie statement on our website at any time.<\/p><p>More information about who we are, how you can contact us and how we process personal data can be found in our Privacy Policy.<\/p><p>Your consent applies for the following domains: legaltruck.eu.<\/p><p>Your current status: Consent accepted. Manage your consent.<\/p><h4>WHAT ARE COOKIES?<\/h4><p>Cookies are small data files that are used to store small bits of information. The cookies are stored on your device when the website in your browser is loaded. The cookies help us to let the website function properly, make the website safer, offer a better user experience and understand how the website is performing and to analyse what works and where improvement is needed.<\/p><h4>WHAT WE USE THESE COOKIES FOR?<\/h4><p>Like most online services, our website uses first party and third party cookies for a number of purposes. The first-party cookies are usually necessary for the website to function properly, and they do not collect any of your personally identifiable information.<\/p><p>The third party cookies used on our websites are mainly used to understand how the website works, how you interact with our website, to keep our services secure, and all in all, to provide you with a better and better user experience and to help speed up your future interactions with our website.<\/p><h4>WHAT TYPES OF COOKIES DO WE USE?<\/h4><p>Essential: Some cookies are essential to be able to experience the full functionality of our site. They make it possible to maintain user sessions and prevent security risks. They do not collect or store personal data. These cookies make it possible, for example, to log in to your account and safely add products to your shopping basket and pay for them.<\/p><p>Statistics: These cookies store information such as the number of visitors to the website, the number of unique visitors, which pages on the website were visited, the source of the visit, etc. This data helps us to understand and analyse how well the website is performing and where it should be improved.<\/p><p>Preferences: These cookies help us to store your preferences and browsing preferences, such as language choices, so that you have a better and more efficient experience during future visits to the website.<\/p><h4>COOKIE DESCRIPTION<\/h4><p>No reports found<\/p><h4>HOW CAN I CHECK MY COOKIE PREFERENCES?<\/h4><p>If, later on during your browsing session, you decide to change your preferences, you can click on the \u201cPrivacy &amp; Cookie Policy\u201d tab on your screen. It shows the statement of consent so that you can change your preferences or retract your consent completely.<\/p><p>In addition, different browsers offer different methods for blocking and removing the cookies used by websites. You can change the settings of your browser to block or remove the cookies. For more information about managing and removing cookies, go to <a href=\"https:\/\/www.wikipedia.org\" target=\"_blank\" rel=\"noopener\">wikipedia.org<\/a>, <a href=\"https:\/\/allaboutcookies.org\" target=\"_blank\" rel=\"noopener\">www.allaboutcookies.org<\/a>.<\/p><br \/><h1 class=\"all-privacy__title\">Odricanje od odgovornosti<\/h1><style>\/*! elementor - v3.21.0 - 26-05-2024 *\/\n.elementor-heading-title{padding:0;margin:0;line-height:1}.elementor-widget-heading .elementor-heading-title[class*=elementor-size-]>a{color:inherit;font-size:inherit;line-height:inherit}.elementor-widget-heading .elementor-heading-title.elementor-size-small{font-size:15px}.elementor-widget-heading .elementor-heading-title.elementor-size-medium{font-size:19px}.elementor-widget-heading .elementor-heading-title.elementor-size-large{font-size:29px}.elementor-widget-heading .elementor-heading-title.elementor-size-xl{font-size:39px}.elementor-widget-heading .elementor-heading-title.elementor-size-xxl{font-size:59px}<\/style><h1>Vrijwaring<\/h1>\t\t\n\t\t\n  <script type=\"text\/javascript\" id=\"google-translate-script\">\n  function googleTranslateElementInit() {\n      new google.translate.TranslateElement(\n          {pageLanguage: 'hr'},\n          'google_translate_element'\n      );\n  }\n  <\/script>\n  <script type=\"text\/javascript\" id=\"google-translate-code\" src=\"https:\/\/translate.google.com\/translate_a\/element.js?cb=googleTranslateElementInit#googtrans(fr)\"><\/script>\n  <div id=\"google_translate_element\" class=\"google-translate-element\"><\/div>\n  \t\t\n\t\t\t<style>\/*! elementor - v3.21.0 - 26-05-2024 *\/\n.elementor-column .elementor-spacer-inner{height:var(--spacer-size)}.e-con{--container-widget-width:100%}.e-con-inner>.elementor-widget-spacer,.e-con>.elementor-widget-spacer{width:var(--container-widget-width,var(--spacer-size));--align-self:var(--container-widget-align-self,initial);--flex-shrink:0}.e-con-inner>.elementor-widget-spacer>.elementor-widget-container,.e-con>.elementor-widget-spacer>.elementor-widget-container{height:100%;width:100%}.e-con-inner>.elementor-widget-spacer>.elementor-widget-container>.elementor-spacer,.e-con>.elementor-widget-spacer>.elementor-widget-container>.elementor-spacer{height:100%}.e-con-inner>.elementor-widget-spacer>.elementor-widget-container>.elementor-spacer>.elementor-spacer-inner,.e-con>.elementor-widget-spacer>.elementor-widget-container>.elementor-spacer>.elementor-spacer-inner{height:var(--container-widget-height,var(--spacer-size))}.e-con-inner>.elementor-widget-spacer.elementor-widget-empty,.e-con>.elementor-widget-spacer.elementor-widget-empty{position:relative;min-height:22px;min-width:22px}.e-con-inner>.elementor-widget-spacer.elementor-widget-empty .elementor-widget-empty-icon,.e-con>.elementor-widget-spacer.elementor-widget-empty .elementor-widget-empty-icon{position:absolute;top:0;bottom:0;left:0;right:0;margin:auto;padding:0;width:22px;height:22px}<\/style>\t\t\n\t\t<p>All IMI posting declarations in this app are generated in the postingdeclaration.eu system. This app DOES NOT represent a government entity!<\/p><h4>WWW.LEGALCONTROL.EU AND LEGAL CONTROL APP<\/h4><p>The following conditions of use apply to the use of this website legalcontrol.eu and Legal Control app. By making use of this website and the Legal Control app, you are deemed to have acknowledged the conditions of use and to have accepted them.<\/p><h4>USE OF INFORMATION<\/h4><p>Legal Control App strives to always offer correct and up-to-date information on this website. The information is compiled with the utmost care. However, Legal Control App does not guarantee that the information is complete, correct or up to date.<\/p><p>The legal information on the website is of a general nature. It cannot be considered a replacement for legal advice.<\/p><p>No rights can be derived from the information. Legal Control App accepts no liability for damage that may ensue from the use of the information on the website or for the website not functioning properly.<\/p><p>Sending and receiving information via the website or via e-mail does not simply create a relationship between Legal Control App and the user of the website.<\/p><h4>E-MAIL<\/h4><p>Legal Control App does not guarantee that e-mails sent to it will be received or handled (on time). The timely receipt of e-mails cannot be guaranteed.<\/p><p>Nor can the safety of e-mail traffic be completely guaranteed due to the security risks connected with it.<\/p><p>By corresponding by e-mail with Legal Control App without encryption or password security, you accept this risk.<\/p><h4>HYPERLINKS<\/h4><p>This website may contain hyperlinks to the websites of third parties. Legal Control App does not have any influence on the websites of third parties and is not responsible for their availability or content.<\/p><p>Legal Control App accepts no liability for damage ensuing from the use of the websites of third parties.<\/p><h4>INTELLECTUAL PROPERTY RIGHTS<\/h4><p>Any publications and expressions by Legal Control App are protected by copyright and other intellectual property rights.<\/p><p>Apart from for personal and non-commercial use, nothing from these publications and expressions may in any way be duplicated, copied or made public in another way, without Legal Control App having given written permission to do so in advance.<\/p><script>\n\tjQuery(document).ready(function($){\n\t\t$(\"body\").addClass(\"all-privacy-page\");\n\t});\n\t<\/script><\/div>\n\t\t\t\t<\/div>\n\t\t\t\t<\/div>\n\t\t\t\t\t<\/div>\n\t\t\t\t<\/div>\n\t\t\t\t\t<\/div>\n\t\t\t\t<\/div>\n\t\t\t\t<\/div>\n\t\t","protected":false},"excerpt":{"rendered":"<p>Legal Control App kan persoonsgegevens over u verwerken, doordat u gebruik maakt van de diensten van Legal Control App BV, en\/of omdat u deze zelf bij het invullen van een contactformulier op de website aan Legal Control App BV verstrekt. Legal Control App BV kan de volgende persoonsgegevens verwerken: \u2013 Uw voor- en achternaam \u2013 Uw bedrijfsnaam \u2013 Uw adresgegevens \u2013 Uw telefoonnummer(s) \u2013 Uw e-mailadres \u2013 Uw IP-adres en alle gegevens welke wij nodig zijn voor de aan u geleverde diensten en de financi\u00eble afwikkeling daarvan.<\/p>\n","protected":false},"author":1,"featured_media":448,"parent":0,"menu_order":5,"comment_status":"closed","ping_status":"closed","template":"","meta":{"_acf_changed":true,"footnotes":""},"class_list":["post-950","page","type-page","status-publish","has-post-thumbnail","hentry"],"acf":[],"_links":{"self":[{"href":"https:\/\/legalcontrol.eu\/hr\/wp-json\/wp\/v2\/pages\/950","targetHints":{"allow":["GET"]}}],"collection":[{"href":"https:\/\/legalcontrol.eu\/hr\/wp-json\/wp\/v2\/pages"}],"about":[{"href":"https:\/\/legalcontrol.eu\/hr\/wp-json\/wp\/v2\/types\/page"}],"author":[{"embeddable":true,"href":"https:\/\/legalcontrol.eu\/hr\/wp-json\/wp\/v2\/users\/1"}],"replies":[{"embeddable":true,"href":"https:\/\/legalcontrol.eu\/hr\/wp-json\/wp\/v2\/comments?post=950"}],"version-history":[{"count":0,"href":"https:\/\/legalcontrol.eu\/hr\/wp-json\/wp\/v2\/pages\/950\/revisions"}],"wp:featuredmedia":[{"embeddable":true,"href":"https:\/\/legalcontrol.eu\/hr\/wp-json\/wp\/v2\/media\/448"}],"wp:attachment":[{"href":"https:\/\/legalcontrol.eu\/hr\/wp-json\/wp\/v2\/media?parent=950"}],"curies":[{"name":"wp","href":"https:\/\/api.w.org\/{rel}","templated":true}]}}