{"id":13,"date":"2024-04-09T08:17:13","date_gmt":"2024-04-09T08:17:13","guid":{"rendered":"https:\/\/legalcontrol.eu\/?page_id=13"},"modified":"2025-05-02T13:26:38","modified_gmt":"2025-05-02T11:26:38","slug":"transport-in-nood","status":"publish","type":"page","link":"https:\/\/legalcontrol.eu\/hu\/","title":{"rendered":"Legal Control App"},"content":{"rendered":"\t\t<div data-elementor-type=\"wp-page\" data-elementor-id=\"13\" class=\"elementor elementor-13\" data-elementor-post-type=\"page\">\n\t\t\t\t<div class=\"elementor-element elementor-element-611be0c header e-flex e-con-boxed e-con e-parent\" data-id=\"611be0c\" data-element_type=\"container\" data-settings=\"{&quot;background_background&quot;:&quot;slideshow&quot;,&quot;background_slideshow_gallery&quot;:[],&quot;background_slideshow_loop&quot;:&quot;yes&quot;,&quot;background_slideshow_slide_duration&quot;:5000,&quot;background_slideshow_slide_transition&quot;:&quot;fade&quot;,&quot;background_slideshow_transition_duration&quot;:500}\">\n\t\t\t\t\t<div class=\"e-con-inner\">\n\t\t<div class=\"elementor-element elementor-element-b5d9419 container e-flex e-con-boxed e-con e-child\" data-id=\"b5d9419\" data-element_type=\"container\">\n\t\t\t\t\t<div class=\"e-con-inner\">\n\t\t\t\t<div class=\"elementor-element elementor-element-c7910d6 elementor-widget elementor-widget-heading\" data-id=\"c7910d6\" data-element_type=\"widget\" data-widget_type=\"heading.default\">\n\t\t\t\t<div class=\"elementor-widget-container\">\n\t\t\t<style>\/*! elementor - v3.21.0 - 26-05-2024 *\/\n.elementor-heading-title{padding:0;margin:0;line-height:1}.elementor-widget-heading .elementor-heading-title[class*=elementor-size-]>a{color:inherit;font-size:inherit;line-height:inherit}.elementor-widget-heading .elementor-heading-title.elementor-size-small{font-size:15px}.elementor-widget-heading .elementor-heading-title.elementor-size-medium{font-size:19px}.elementor-widget-heading .elementor-heading-title.elementor-size-large{font-size:29px}.elementor-widget-heading .elementor-heading-title.elementor-size-xl{font-size:39px}.elementor-widget-heading .elementor-heading-title.elementor-size-xxl{font-size:59px}<\/style><h1 class=\"elementor-heading-title elementor-size-default\">Legal Control applik\u00e1ci\u00f3 - Mindig k\u00e9zn\u00e9l a megfelel\u0151 dokumentumok<\/h1>\t\t<\/div>\n\t\t\t\t<\/div>\n\t\t\t\t\t<\/div>\n\t\t\t\t<\/div>\n\t\t\t\t\t<\/div>\n\t\t\t\t<\/div>\n\t\t<div class=\"elementor-element elementor-element-7f201ed home__row home__row_1 e-flex e-con-boxed e-con e-parent\" data-id=\"7f201ed\" data-element_type=\"container\">\n\t\t\t\t\t<div class=\"e-con-inner\">\n\t\t<div class=\"elementor-element elementor-element-bfd28c0 e-con-full container e-flex e-con e-child\" data-id=\"bfd28c0\" data-element_type=\"container\">\n\t\t\t\t<div class=\"elementor-element elementor-element-a6040b2 elementor-widget elementor-widget-heading\" data-id=\"a6040b2\" data-element_type=\"widget\" data-widget_type=\"heading.default\">\n\t\t\t\t<div class=\"elementor-widget-container\">\n\t\t\t<h2 class=\"elementor-heading-title elementor-size-default\">Leny\u0171g\u00f6z\u0151 funkci\u00f3k<\/h2>\t\t<\/div>\n\t\t\t\t<\/div>\n\t\t\t\t<\/div>\n\t\t<div class=\"elementor-element elementor-element-55eb434 container home_help home_help_1 e-flex e-con-boxed e-con e-child\" data-id=\"55eb434\" data-element_type=\"container\">\n\t\t\t\t\t<div class=\"e-con-inner\">\n\t\t<div class=\"elementor-element elementor-element-ca92470 e-con-full e-flex e-con e-child\" data-id=\"ca92470\" data-element_type=\"container\">\n\t\t\t\t<div class=\"elementor-element elementor-element-1f427dd elementor-widget elementor-widget-image\" data-id=\"1f427dd\" data-element_type=\"widget\" data-widget_type=\"image.default\">\n\t\t\t\t<div class=\"elementor-widget-container\">\n\t\t\t<style>\/*! elementor - v3.21.0 - 26-05-2024 *\/\n.elementor-widget-image{text-align:center}.elementor-widget-image a{display:inline-block}.elementor-widget-image a img[src$=\".svg\"]{width:48px}.elementor-widget-image img{vertical-align:middle;display:inline-block}<\/style>\t\t\t\t\t\t\t\t\t\t<img decoding=\"async\" width=\"160\" height=\"160\" src=\"https:\/\/legalcontrol.eu\/wp-content\/uploads\/2024\/11\/imi-conrol.svg\" class=\"attachment-full size-full wp-image-825\" alt=\"POSTING DECLARATIONS\" \/>\t\t\t\t\t\t\t\t\t\t\t\t\t<\/div>\n\t\t\t\t<\/div>\n\t\t\t\t<div class=\"elementor-element elementor-element-9693494 elementor-widget elementor-widget-heading\" data-id=\"9693494\" data-element_type=\"widget\" data-widget_type=\"heading.default\">\n\t\t\t\t<div class=\"elementor-widget-container\">\n\t\t\t<h4 class=\"elementor-heading-title elementor-size-default\">POSTING DECLARATIES<\/h4>\t\t<\/div>\n\t\t\t\t<\/div>\n\t\t\t\t<\/div>\n\t\t<div class=\"elementor-element elementor-element-b016856 e-con-full e-flex e-con e-child\" data-id=\"b016856\" data-element_type=\"container\">\n\t\t\t\t<div class=\"elementor-element elementor-element-e795f73 elementor-widget elementor-widget-heading\" data-id=\"e795f73\" data-element_type=\"widget\" data-widget_type=\"heading.default\">\n\t\t\t\t<div class=\"elementor-widget-container\">\n\t\t\t<h3 class=\"elementor-heading-title elementor-size-default\">Mondjon b\u00facs\u00fat a pap\u00edrmunk\u00e1nak<\/h3>\t\t<\/div>\n\t\t\t\t<\/div>\n\t\t\t\t<div class=\"elementor-element elementor-element-b164c15 elementor-widget elementor-widget-text-editor\" data-id=\"b164c15\" data-element_type=\"widget\" data-widget_type=\"text-editor.default\">\n\t\t\t\t<div class=\"elementor-widget-container\">\n\t\t\t<style>\/*! elementor - v3.21.0 - 26-05-2024 *\/\n.elementor-widget-text-editor.elementor-drop-cap-view-stacked .elementor-drop-cap{background-color:#69727d;color:#fff}.elementor-widget-text-editor.elementor-drop-cap-view-framed .elementor-drop-cap{color:#69727d;border:3px solid;background-color:transparent}.elementor-widget-text-editor:not(.elementor-drop-cap-view-default) .elementor-drop-cap{margin-top:8px}.elementor-widget-text-editor:not(.elementor-drop-cap-view-default) .elementor-drop-cap-letter{width:1em;height:1em}.elementor-widget-text-editor .elementor-drop-cap{float:left;text-align:center;line-height:1;font-size:50px}.elementor-widget-text-editor .elementor-drop-cap-letter{display:inline-block}<\/style>\t\t\t\tN\u00e9h\u00e1ny \u00e9vvel ezel\u0151tt a TIN kifejlesztette a Legal Control applik\u00e1ci\u00f3t, hogy megold\u00e1st ny\u00fajtson az IMI nyilatkozatok okozta pap\u00edrmunkahegyekre, \u00e9s a kih\u00edv\u00e1sra, hogy a nyilatkozatok id\u0151ben eljuthassanak az \u00faton l\u00e9v\u0151 sof\u0151r\u00f6kh\u00f6z. A rendszer az\u00f3ta m\u00e1r b\u0151s\u00e9gesen bizony\u00edtotta siker\u00e9t: jelenleg t\u00f6bb mint 40 000 sof\u0151r kapja meg IMI nyilatkozatait mobiltelefonj\u00e1n, kik\u00fcsz\u00f6b\u00f6lve a pap\u00edralap\u00fa dokumentumokat, \u00e9s megk\u00f6nny\u00edtve az adminisztr\u00e1ci\u00f3s r\u00e9szleg munk\u00e1j\u00e1t.\t\t\t\t\t\t<\/div>\n\t\t\t\t<\/div>\n\t\t\t\t<\/div>\n\t\t\t\t\t<\/div>\n\t\t\t\t<\/div>\n\t\t\t\t<div class=\"elementor-element elementor-element-e5dd6d2 elementor-widget elementor-widget-spacer\" data-id=\"e5dd6d2\" data-element_type=\"widget\" data-widget_type=\"spacer.default\">\n\t\t\t\t<div class=\"elementor-widget-container\">\n\t\t\t<style>\/*! elementor - v3.21.0 - 26-05-2024 *\/\n.elementor-column .elementor-spacer-inner{height:var(--spacer-size)}.e-con{--container-widget-width:100%}.e-con-inner>.elementor-widget-spacer,.e-con>.elementor-widget-spacer{width:var(--container-widget-width,var(--spacer-size));--align-self:var(--container-widget-align-self,initial);--flex-shrink:0}.e-con-inner>.elementor-widget-spacer>.elementor-widget-container,.e-con>.elementor-widget-spacer>.elementor-widget-container{height:100%;width:100%}.e-con-inner>.elementor-widget-spacer>.elementor-widget-container>.elementor-spacer,.e-con>.elementor-widget-spacer>.elementor-widget-container>.elementor-spacer{height:100%}.e-con-inner>.elementor-widget-spacer>.elementor-widget-container>.elementor-spacer>.elementor-spacer-inner,.e-con>.elementor-widget-spacer>.elementor-widget-container>.elementor-spacer>.elementor-spacer-inner{height:var(--container-widget-height,var(--spacer-size))}.e-con-inner>.elementor-widget-spacer.elementor-widget-empty,.e-con>.elementor-widget-spacer.elementor-widget-empty{position:relative;min-height:22px;min-width:22px}.e-con-inner>.elementor-widget-spacer.elementor-widget-empty .elementor-widget-empty-icon,.e-con>.elementor-widget-spacer.elementor-widget-empty .elementor-widget-empty-icon{position:absolute;top:0;bottom:0;left:0;right:0;margin:auto;padding:0;width:22px;height:22px}<\/style>\t\t<div class=\"elementor-spacer\">\n\t\t\t<div class=\"elementor-spacer-inner\"><\/div>\n\t\t<\/div>\n\t\t\t\t<\/div>\n\t\t\t\t<\/div>\n\t\t<div class=\"elementor-element elementor-element-eca3237 container home_help home_help_2 e-flex e-con-boxed e-con e-child\" data-id=\"eca3237\" data-element_type=\"container\">\n\t\t\t\t\t<div class=\"e-con-inner\">\n\t\t<div class=\"elementor-element elementor-element-8d253ad e-con-full e-flex e-con e-child\" data-id=\"8d253ad\" data-element_type=\"container\">\n\t\t\t\t<div class=\"elementor-element elementor-element-fdc57f3 elementor-widget elementor-widget-image\" data-id=\"fdc57f3\" data-element_type=\"widget\" data-widget_type=\"image.default\">\n\t\t\t\t<div class=\"elementor-widget-container\">\n\t\t\t\t\t\t\t\t\t\t\t\t\t<img decoding=\"async\" width=\"160\" height=\"160\" src=\"https:\/\/legalcontrol.eu\/wp-content\/uploads\/2024\/11\/vehicle-checklist.svg\" class=\"attachment-full size-full wp-image-826\" alt=\"VEHICLE CHECKLIST\" \/>\t\t\t\t\t\t\t\t\t\t\t\t\t<\/div>\n\t\t\t\t<\/div>\n\t\t\t\t<div class=\"elementor-element elementor-element-b484671 elementor-widget elementor-widget-heading\" data-id=\"b484671\" data-element_type=\"widget\" data-widget_type=\"heading.default\">\n\t\t\t\t<div class=\"elementor-widget-container\">\n\t\t\t<h4 class=\"elementor-heading-title elementor-size-default\">VEHICLE CHECKLIST<\/h4>\t\t<\/div>\n\t\t\t\t<\/div>\n\t\t\t\t<\/div>\n\t\t<div class=\"elementor-element elementor-element-38c2849 e-con-full e-flex e-con e-child\" data-id=\"38c2849\" data-element_type=\"container\">\n\t\t\t\t<div class=\"elementor-element elementor-element-1927afb elementor-widget elementor-widget-heading\" data-id=\"1927afb\" data-element_type=\"widget\" data-widget_type=\"heading.default\">\n\t\t\t\t<div class=\"elementor-widget-container\">\n\t\t\t<h3 class=\"elementor-heading-title elementor-size-default\">UK Checklist az alkalmaz\u00e1son kereszt\u00fcl<\/h3>\t\t<\/div>\n\t\t\t\t<\/div>\n\t\t\t\t<div class=\"elementor-element elementor-element-7ad736b elementor-widget elementor-widget-text-editor\" data-id=\"7ad736b\" data-element_type=\"widget\" data-widget_type=\"text-editor.default\">\n\t\t\t\t<div class=\"elementor-widget-container\">\n\t\t\t\t\t\t\tA CRM rendszerrel k\u00f6zvetlen\u00fcl kommunik\u00e1l\u00f3 Legal Control applik\u00e1ci\u00f3 tov\u00e1bbi funkci\u00f3k hozz\u00e1ad\u00e1s\u00e1ra is lehet\u0151s\u00e9get biztos\u00edt, amelyek egyszer\u0171bb\u00e9 teszik a sof\u0151r\u00f6k munk\u00e1j\u00e1t. P\u00e9ld\u00e1ul most m\u00e1r lehet\u0151s\u00e9g van az Egyes\u00fclt Kir\u00e1lys\u00e1gba val\u00f3 hat\u00e1r\u00e1tl\u00e9p\u00e9shez sz\u00fcks\u00e9ges  j\u00e1rm\u0171-ellen\u0151rz\u0151lista kit\u00f6lt\u00e9s\u00e9re \u00e9s kezel\u00e9s\u00e9re az alkalmaz\u00e1sban.\t\t\t\t\t\t<\/div>\n\t\t\t\t<\/div>\n\t\t\t\t<\/div>\n\t\t\t\t\t<\/div>\n\t\t\t\t<\/div>\n\t\t\t\t<div class=\"elementor-element elementor-element-0f789a2 elementor-widget elementor-widget-spacer\" data-id=\"0f789a2\" data-element_type=\"widget\" data-widget_type=\"spacer.default\">\n\t\t\t\t<div class=\"elementor-widget-container\">\n\t\t\t\t\t<div class=\"elementor-spacer\">\n\t\t\t<div class=\"elementor-spacer-inner\"><\/div>\n\t\t<\/div>\n\t\t\t\t<\/div>\n\t\t\t\t<\/div>\n\t\t<div class=\"elementor-element elementor-element-6aa5a2b container home_help home_help_3 e-flex e-con-boxed e-con e-child\" data-id=\"6aa5a2b\" data-element_type=\"container\">\n\t\t\t\t\t<div class=\"e-con-inner\">\n\t\t<div class=\"elementor-element elementor-element-311246e e-con-full e-flex e-con e-child\" data-id=\"311246e\" data-element_type=\"container\">\n\t\t\t\t<div class=\"elementor-element elementor-element-272af4f elementor-widget elementor-widget-image\" data-id=\"272af4f\" data-element_type=\"widget\" data-widget_type=\"image.default\">\n\t\t\t\t<div class=\"elementor-widget-container\">\n\t\t\t\t\t\t\t\t\t\t\t\t\t<img decoding=\"async\" width=\"160\" height=\"160\" src=\"https:\/\/legalcontrol.eu\/wp-content\/uploads\/2024\/11\/legal-docs.svg\" class=\"attachment-full size-full wp-image-827\" alt=\"Legal DOC&#039;s\" \/>\t\t\t\t\t\t\t\t\t\t\t\t\t<\/div>\n\t\t\t\t<\/div>\n\t\t\t\t<div class=\"elementor-element elementor-element-0109dcc elementor-widget elementor-widget-heading\" data-id=\"0109dcc\" data-element_type=\"widget\" data-widget_type=\"heading.default\">\n\t\t\t\t<div class=\"elementor-widget-container\">\n\t\t\t<h4 class=\"elementor-heading-title elementor-size-default\">LEGAL DOC\u2019S<\/h4>\t\t<\/div>\n\t\t\t\t<\/div>\n\t\t\t\t<\/div>\n\t\t<div class=\"elementor-element elementor-element-46c422a e-con-full e-flex e-con e-child\" data-id=\"46c422a\" data-element_type=\"container\">\n\t\t\t\t<div class=\"elementor-element elementor-element-bbe2abb elementor-widget elementor-widget-heading\" data-id=\"bbe2abb\" data-element_type=\"widget\" data-widget_type=\"heading.default\">\n\t\t\t\t<div class=\"elementor-widget-container\">\n\t\t\t<h3 class=\"elementor-heading-title elementor-size-default\">Legal Docs <\/h3>\t\t<\/div>\n\t\t\t\t<\/div>\n\t\t\t\t<div class=\"elementor-element elementor-element-cdda5e6 elementor-widget elementor-widget-text-editor\" data-id=\"cdda5e6\" data-element_type=\"widget\" data-widget_type=\"text-editor.default\">\n\t\t\t\t<div class=\"elementor-widget-container\">\n\t\t\t\t\t\t\tAz alkalmaz\u00e1s lehet\u0151s\u00e9get biztos\u00edt incidensjelent\u00e9sek l\u00e9trehoz\u00e1s\u00e1ra \u00e9s tov\u00e1bb\u00edt\u00e1s\u00e1ra az irod\u00e1ba. Ez a funkci\u00f3 k\u00f6nnyen kezelhet\u0151 \u00e9s interakt\u00edv m\u00f3dot k\u00edn\u00e1l arra, hogy val\u00f3s id\u0151ben k\u00e9sz\u00edtsen esem\u00e9nynapl\u00f3kat, amelyek k\u00e9s\u0151bb jogi vit\u00e1k vagy hat\u00f3s\u00e1gi k\u00e9rd\u00e9sek t\u00e1rgy\u00e1t k\u00e9pezhetik.\t\t\t\t\t\t<\/div>\n\t\t\t\t<\/div>\n\t\t\t\t<\/div>\n\t\t\t\t\t<\/div>\n\t\t\t\t<\/div>\n\t\t\t\t\t<\/div>\n\t\t\t\t<\/div>\n\t\t<div class=\"elementor-element elementor-element-6a0747a home__row home__row_3 e-flex e-con-boxed e-con e-parent\" data-id=\"6a0747a\" data-element_type=\"container\">\n\t\t\t\t\t<div class=\"e-con-inner\">\n\t\t<div class=\"elementor-element elementor-element-44ee175 container e-flex e-con-boxed e-con e-child\" data-id=\"44ee175\" data-element_type=\"container\">\n\t\t\t\t\t<div class=\"e-con-inner\">\n\t\t\t\t<div class=\"elementor-element elementor-element-85e1203 elementor-widget elementor-widget-text-editor\" data-id=\"85e1203\" data-element_type=\"widget\" data-widget_type=\"text-editor.default\">\n\t\t\t\t<div class=\"elementor-widget-container\">\n\t\t\t\t\t\t\t<p><a href=\"https:\/\/tin.eu\" target=\"_blank\" rel=\"noopener\">T\u00d6BB<\/a><\/p>\t\t\t\t\t\t<\/div>\n\t\t\t\t<\/div>\n\t\t\t\t\t<\/div>\n\t\t\t\t<\/div>\n\t\t\t\t\t<\/div>\n\t\t\t\t<\/div>\n\t\t\t\t<\/div>\n\t\t","protected":false},"excerpt":{"rendered":"<p>Een paar jaar geleden ontwikkelde TIN de Legal Control App als oplossing voor de berg papierwerk die IMI met zich meebracht en de logistieke uitdaging om de aangiften op tijd bij de chauffeurs in de taxi&#8217;s te krijgen.<\/p>\n","protected":false},"author":1,"featured_media":395,"parent":0,"menu_order":7,"comment_status":"closed","ping_status":"closed","template":"","meta":{"_acf_changed":false,"footnotes":""},"class_list":["post-13","page","type-page","status-publish","has-post-thumbnail","hentry"],"acf":[],"_links":{"self":[{"href":"https:\/\/legalcontrol.eu\/hu\/wp-json\/wp\/v2\/pages\/13","targetHints":{"allow":["GET"]}}],"collection":[{"href":"https:\/\/legalcontrol.eu\/hu\/wp-json\/wp\/v2\/pages"}],"about":[{"href":"https:\/\/legalcontrol.eu\/hu\/wp-json\/wp\/v2\/types\/page"}],"author":[{"embeddable":true,"href":"https:\/\/legalcontrol.eu\/hu\/wp-json\/wp\/v2\/users\/1"}],"replies":[{"embeddable":true,"href":"https:\/\/legalcontrol.eu\/hu\/wp-json\/wp\/v2\/comments?post=13"}],"version-history":[{"count":49,"href":"https:\/\/legalcontrol.eu\/hu\/wp-json\/wp\/v2\/pages\/13\/revisions"}],"predecessor-version":[{"id":985,"href":"https:\/\/legalcontrol.eu\/hu\/wp-json\/wp\/v2\/pages\/13\/revisions\/985"}],"wp:featuredmedia":[{"embeddable":true,"href":"https:\/\/legalcontrol.eu\/hu\/wp-json\/wp\/v2\/media\/395"}],"wp:attachment":[{"href":"https:\/\/legalcontrol.eu\/hu\/wp-json\/wp\/v2\/media?parent=13"}],"curies":[{"name":"wp","href":"https:\/\/api.w.org\/{rel}","templated":true}]}}