{"id":13,"date":"2024-04-09T08:17:13","date_gmt":"2024-04-09T08:17:13","guid":{"rendered":"https:\/\/legalcontrol.eu\/?page_id=13"},"modified":"2025-05-02T13:26:38","modified_gmt":"2025-05-02T11:26:38","slug":"transport-in-nood","status":"publish","type":"page","link":"https:\/\/legalcontrol.eu\/pl\/","title":{"rendered":"Legal Control App"},"content":{"rendered":"\t\t<div data-elementor-type=\"wp-page\" data-elementor-id=\"13\" class=\"elementor elementor-13\" data-elementor-post-type=\"page\">\n\t\t\t\t<div class=\"elementor-element elementor-element-611be0c header e-flex e-con-boxed e-con e-parent\" data-id=\"611be0c\" data-element_type=\"container\" data-settings=\"{&quot;background_background&quot;:&quot;slideshow&quot;,&quot;background_slideshow_gallery&quot;:[],&quot;background_slideshow_loop&quot;:&quot;yes&quot;,&quot;background_slideshow_slide_duration&quot;:5000,&quot;background_slideshow_slide_transition&quot;:&quot;fade&quot;,&quot;background_slideshow_transition_duration&quot;:500}\">\n\t\t\t\t\t<div class=\"e-con-inner\">\n\t\t<div class=\"elementor-element elementor-element-b5d9419 container e-flex e-con-boxed e-con e-child\" data-id=\"b5d9419\" data-element_type=\"container\">\n\t\t\t\t\t<div class=\"e-con-inner\">\n\t\t\t\t<div class=\"elementor-element elementor-element-c7910d6 elementor-widget elementor-widget-heading\" data-id=\"c7910d6\" data-element_type=\"widget\" data-widget_type=\"heading.default\">\n\t\t\t\t<div class=\"elementor-widget-container\">\n\t\t\t<style>\/*! elementor - v3.21.0 - 26-05-2024 *\/\n.elementor-heading-title{padding:0;margin:0;line-height:1}.elementor-widget-heading .elementor-heading-title[class*=elementor-size-]>a{color:inherit;font-size:inherit;line-height:inherit}.elementor-widget-heading .elementor-heading-title.elementor-size-small{font-size:15px}.elementor-widget-heading .elementor-heading-title.elementor-size-medium{font-size:19px}.elementor-widget-heading .elementor-heading-title.elementor-size-large{font-size:29px}.elementor-widget-heading .elementor-heading-title.elementor-size-xl{font-size:39px}.elementor-widget-heading .elementor-heading-title.elementor-size-xxl{font-size:59px}<\/style><h1 class=\"elementor-heading-title elementor-size-default\">Aplikacja Legal Control - Zawsze miej przy sobie odpowiednie dokumenty<\/h1>\t\t<\/div>\n\t\t\t\t<\/div>\n\t\t\t\t\t<\/div>\n\t\t\t\t<\/div>\n\t\t\t\t\t<\/div>\n\t\t\t\t<\/div>\n\t\t<div class=\"elementor-element elementor-element-7f201ed home__row home__row_1 e-flex e-con-boxed e-con e-parent\" data-id=\"7f201ed\" data-element_type=\"container\">\n\t\t\t\t\t<div class=\"e-con-inner\">\n\t\t<div class=\"elementor-element elementor-element-bfd28c0 e-con-full container e-flex e-con e-child\" data-id=\"bfd28c0\" data-element_type=\"container\">\n\t\t\t\t<div class=\"elementor-element elementor-element-a6040b2 elementor-widget elementor-widget-heading\" data-id=\"a6040b2\" data-element_type=\"widget\" data-widget_type=\"heading.default\">\n\t\t\t\t<div class=\"elementor-widget-container\">\n\t\t\t<h2 class=\"elementor-heading-title elementor-size-default\">Niesamowite funkcje<\/h2>\t\t<\/div>\n\t\t\t\t<\/div>\n\t\t\t\t<\/div>\n\t\t<div class=\"elementor-element elementor-element-55eb434 container home_help home_help_1 e-flex e-con-boxed e-con e-child\" data-id=\"55eb434\" data-element_type=\"container\">\n\t\t\t\t\t<div class=\"e-con-inner\">\n\t\t<div class=\"elementor-element elementor-element-ca92470 e-con-full e-flex e-con e-child\" data-id=\"ca92470\" data-element_type=\"container\">\n\t\t\t\t<div class=\"elementor-element elementor-element-1f427dd elementor-widget elementor-widget-image\" data-id=\"1f427dd\" data-element_type=\"widget\" data-widget_type=\"image.default\">\n\t\t\t\t<div class=\"elementor-widget-container\">\n\t\t\t<style>\/*! elementor - v3.21.0 - 26-05-2024 *\/\n.elementor-widget-image{text-align:center}.elementor-widget-image a{display:inline-block}.elementor-widget-image a img[src$=\".svg\"]{width:48px}.elementor-widget-image img{vertical-align:middle;display:inline-block}<\/style>\t\t\t\t\t\t\t\t\t\t<img decoding=\"async\" width=\"160\" height=\"160\" src=\"https:\/\/legalcontrol.eu\/wp-content\/uploads\/2024\/11\/imi-conrol.svg\" class=\"attachment-full size-full wp-image-825\" alt=\"POSTING DECLARATIONS\" \/>\t\t\t\t\t\t\t\t\t\t\t\t\t<\/div>\n\t\t\t\t<\/div>\n\t\t\t\t<div class=\"elementor-element elementor-element-9693494 elementor-widget elementor-widget-heading\" data-id=\"9693494\" data-element_type=\"widget\" data-widget_type=\"heading.default\">\n\t\t\t\t<div class=\"elementor-widget-container\">\n\t\t\t<h4 class=\"elementor-heading-title elementor-size-default\">POSTING DECLARATIES<\/h4>\t\t<\/div>\n\t\t\t\t<\/div>\n\t\t\t\t<\/div>\n\t\t<div class=\"elementor-element elementor-element-b016856 e-con-full e-flex e-con e-child\" data-id=\"b016856\" data-element_type=\"container\">\n\t\t\t\t<div class=\"elementor-element elementor-element-e795f73 elementor-widget elementor-widget-heading\" data-id=\"e795f73\" data-element_type=\"widget\" data-widget_type=\"heading.default\">\n\t\t\t\t<div class=\"elementor-widget-container\">\n\t\t\t<h3 class=\"elementor-heading-title elementor-size-default\">Po\u017cegnaj si\u0119 z k\u0142opotami zwi\u0105zanymi z papierkow\u0105 robot\u0105 <\/h3>\t\t<\/div>\n\t\t\t\t<\/div>\n\t\t\t\t<div class=\"elementor-element elementor-element-b164c15 elementor-widget elementor-widget-text-editor\" data-id=\"b164c15\" data-element_type=\"widget\" data-widget_type=\"text-editor.default\">\n\t\t\t\t<div class=\"elementor-widget-container\">\n\t\t\t<style>\/*! elementor - v3.21.0 - 26-05-2024 *\/\n.elementor-widget-text-editor.elementor-drop-cap-view-stacked .elementor-drop-cap{background-color:#69727d;color:#fff}.elementor-widget-text-editor.elementor-drop-cap-view-framed .elementor-drop-cap{color:#69727d;border:3px solid;background-color:transparent}.elementor-widget-text-editor:not(.elementor-drop-cap-view-default) .elementor-drop-cap{margin-top:8px}.elementor-widget-text-editor:not(.elementor-drop-cap-view-default) .elementor-drop-cap-letter{width:1em;height:1em}.elementor-widget-text-editor .elementor-drop-cap{float:left;text-align:center;line-height:1;font-size:50px}.elementor-widget-text-editor .elementor-drop-cap-letter{display:inline-block}<\/style>\t\t\t\t<p>Kilka lat temu opracowali\u015bmy system wraz z aplikacj\u0105 Legal Control jako rozwi\u0105zanie problemu ogromnej ilo\u015bci dokument\u00f3w spowodowanych przez deklaracje IMI. Znale\u017ali\u015bmy spos\u00f3b na logistyczne wyzwanie, jakim jest dostarczanie deklaracji kierowcom w ci\u0119\u017car\u00f3wkach na czas. System okaza\u0142 si\u0119 skuteczny, ponad 40 000 kierowc\u00f3w obecnie otrzymuje automatycznie swoje deklaracje IMI na telefon kom\u00f3rkowy, eliminuj\u0105c potrzeb\u0119 u\u017cywania papieru i odci\u0105\u017caj\u0105c dzia\u0142y administracyjne.<\/p>\t\t\t\t\t\t<\/div>\n\t\t\t\t<\/div>\n\t\t\t\t<\/div>\n\t\t\t\t\t<\/div>\n\t\t\t\t<\/div>\n\t\t\t\t<div class=\"elementor-element elementor-element-e5dd6d2 elementor-widget elementor-widget-spacer\" data-id=\"e5dd6d2\" data-element_type=\"widget\" data-widget_type=\"spacer.default\">\n\t\t\t\t<div class=\"elementor-widget-container\">\n\t\t\t<style>\/*! elementor - v3.21.0 - 26-05-2024 *\/\n.elementor-column .elementor-spacer-inner{height:var(--spacer-size)}.e-con{--container-widget-width:100%}.e-con-inner>.elementor-widget-spacer,.e-con>.elementor-widget-spacer{width:var(--container-widget-width,var(--spacer-size));--align-self:var(--container-widget-align-self,initial);--flex-shrink:0}.e-con-inner>.elementor-widget-spacer>.elementor-widget-container,.e-con>.elementor-widget-spacer>.elementor-widget-container{height:100%;width:100%}.e-con-inner>.elementor-widget-spacer>.elementor-widget-container>.elementor-spacer,.e-con>.elementor-widget-spacer>.elementor-widget-container>.elementor-spacer{height:100%}.e-con-inner>.elementor-widget-spacer>.elementor-widget-container>.elementor-spacer>.elementor-spacer-inner,.e-con>.elementor-widget-spacer>.elementor-widget-container>.elementor-spacer>.elementor-spacer-inner{height:var(--container-widget-height,var(--spacer-size))}.e-con-inner>.elementor-widget-spacer.elementor-widget-empty,.e-con>.elementor-widget-spacer.elementor-widget-empty{position:relative;min-height:22px;min-width:22px}.e-con-inner>.elementor-widget-spacer.elementor-widget-empty .elementor-widget-empty-icon,.e-con>.elementor-widget-spacer.elementor-widget-empty .elementor-widget-empty-icon{position:absolute;top:0;bottom:0;left:0;right:0;margin:auto;padding:0;width:22px;height:22px}<\/style>\t\t<div class=\"elementor-spacer\">\n\t\t\t<div class=\"elementor-spacer-inner\"><\/div>\n\t\t<\/div>\n\t\t\t\t<\/div>\n\t\t\t\t<\/div>\n\t\t<div class=\"elementor-element elementor-element-eca3237 container home_help home_help_2 e-flex e-con-boxed e-con e-child\" data-id=\"eca3237\" data-element_type=\"container\">\n\t\t\t\t\t<div class=\"e-con-inner\">\n\t\t<div class=\"elementor-element elementor-element-8d253ad e-con-full e-flex e-con e-child\" data-id=\"8d253ad\" data-element_type=\"container\">\n\t\t\t\t<div class=\"elementor-element elementor-element-fdc57f3 elementor-widget elementor-widget-image\" data-id=\"fdc57f3\" data-element_type=\"widget\" data-widget_type=\"image.default\">\n\t\t\t\t<div class=\"elementor-widget-container\">\n\t\t\t\t\t\t\t\t\t\t\t\t\t<img decoding=\"async\" width=\"160\" height=\"160\" src=\"https:\/\/legalcontrol.eu\/wp-content\/uploads\/2024\/11\/vehicle-checklist.svg\" class=\"attachment-full size-full wp-image-826\" alt=\"VEHICLE CHECKLIST\" \/>\t\t\t\t\t\t\t\t\t\t\t\t\t<\/div>\n\t\t\t\t<\/div>\n\t\t\t\t<div class=\"elementor-element elementor-element-b484671 elementor-widget elementor-widget-heading\" data-id=\"b484671\" data-element_type=\"widget\" data-widget_type=\"heading.default\">\n\t\t\t\t<div class=\"elementor-widget-container\">\n\t\t\t<h4 class=\"elementor-heading-title elementor-size-default\">VEHICLE CHECKLIST<\/h4>\t\t<\/div>\n\t\t\t\t<\/div>\n\t\t\t\t<\/div>\n\t\t<div class=\"elementor-element elementor-element-38c2849 e-con-full e-flex e-con e-child\" data-id=\"38c2849\" data-element_type=\"container\">\n\t\t\t\t<div class=\"elementor-element elementor-element-1927afb elementor-widget elementor-widget-heading\" data-id=\"1927afb\" data-element_type=\"widget\" data-widget_type=\"heading.default\">\n\t\t\t\t<div class=\"elementor-widget-container\">\n\t\t\t<h3 class=\"elementor-heading-title elementor-size-default\">UK Checklist przez aplikacj\u0119<\/h3>\t\t<\/div>\n\t\t\t\t<\/div>\n\t\t\t\t<div class=\"elementor-element elementor-element-7ad736b elementor-widget elementor-widget-text-editor\" data-id=\"7ad736b\" data-element_type=\"widget\" data-widget_type=\"text-editor.default\">\n\t\t\t\t<div class=\"elementor-widget-container\">\n\t\t\t\t\t\t\t<p>Zaprojektowana do bezpo\u015bredniej komunikacji z systemem CRM, aplikacja Legal Control otwiera mo\u017cliwo\u015bci dodatkowych funkcji, kt\u00f3re mo\u017cna doda\u0107, aby u\u0142atwi\u0107 prac\u0119 kierowcy. Na przyk\u0142ad, mo\u017cliwe jest wype\u0142nianie i zarz\u0105dzanie list\u0105 kontroln\u0105 UK za po\u015brednictwem aplikacji.<\/p>\t\t\t\t\t\t<\/div>\n\t\t\t\t<\/div>\n\t\t\t\t<\/div>\n\t\t\t\t\t<\/div>\n\t\t\t\t<\/div>\n\t\t\t\t<div class=\"elementor-element elementor-element-0f789a2 elementor-widget elementor-widget-spacer\" data-id=\"0f789a2\" data-element_type=\"widget\" data-widget_type=\"spacer.default\">\n\t\t\t\t<div class=\"elementor-widget-container\">\n\t\t\t\t\t<div class=\"elementor-spacer\">\n\t\t\t<div class=\"elementor-spacer-inner\"><\/div>\n\t\t<\/div>\n\t\t\t\t<\/div>\n\t\t\t\t<\/div>\n\t\t<div class=\"elementor-element elementor-element-6aa5a2b container home_help home_help_3 e-flex e-con-boxed e-con e-child\" data-id=\"6aa5a2b\" data-element_type=\"container\">\n\t\t\t\t\t<div class=\"e-con-inner\">\n\t\t<div class=\"elementor-element elementor-element-311246e e-con-full e-flex e-con e-child\" data-id=\"311246e\" data-element_type=\"container\">\n\t\t\t\t<div class=\"elementor-element elementor-element-272af4f elementor-widget elementor-widget-image\" data-id=\"272af4f\" data-element_type=\"widget\" data-widget_type=\"image.default\">\n\t\t\t\t<div class=\"elementor-widget-container\">\n\t\t\t\t\t\t\t\t\t\t\t\t\t<img decoding=\"async\" width=\"160\" height=\"160\" src=\"https:\/\/legalcontrol.eu\/wp-content\/uploads\/2024\/11\/legal-docs.svg\" class=\"attachment-full size-full wp-image-827\" alt=\"Legal DOC&#039;s\" \/>\t\t\t\t\t\t\t\t\t\t\t\t\t<\/div>\n\t\t\t\t<\/div>\n\t\t\t\t<div class=\"elementor-element elementor-element-0109dcc elementor-widget elementor-widget-heading\" data-id=\"0109dcc\" data-element_type=\"widget\" data-widget_type=\"heading.default\">\n\t\t\t\t<div class=\"elementor-widget-container\">\n\t\t\t<h4 class=\"elementor-heading-title elementor-size-default\">LEGAL DOC\u2019S<\/h4>\t\t<\/div>\n\t\t\t\t<\/div>\n\t\t\t\t<\/div>\n\t\t<div class=\"elementor-element elementor-element-46c422a e-con-full e-flex e-con e-child\" data-id=\"46c422a\" data-element_type=\"container\">\n\t\t\t\t<div class=\"elementor-element elementor-element-bbe2abb elementor-widget elementor-widget-heading\" data-id=\"bbe2abb\" data-element_type=\"widget\" data-widget_type=\"heading.default\">\n\t\t\t\t<div class=\"elementor-widget-container\">\n\t\t\t<h3 class=\"elementor-heading-title elementor-size-default\">Legal Docs <\/h3>\t\t<\/div>\n\t\t\t\t<\/div>\n\t\t\t\t<div class=\"elementor-element elementor-element-cdda5e6 elementor-widget elementor-widget-text-editor\" data-id=\"cdda5e6\" data-element_type=\"widget\" data-widget_type=\"text-editor.default\">\n\t\t\t\t<div class=\"elementor-widget-container\">\n\t\t\t\t\t\t\tta funkcja u\u017cywana jest do tworzenia raport\u00f3w zdarze\u0144 oraz do wysy\u0142ania ich z powrotem do biura. Ta funkcja zapewnia prost\u0105 i interaktywn\u0105 metod\u0119 tworzenia bie\u017c\u0105cego zapisu wydarze\u0144, kt\u00f3re mog\u0105 p\u00f3\u017aniej by\u0107 u\u017cyte podczas spor\u00f3w prawnych lub dochodze\u0144 prowadzonych przez w\u0142adze.\t\t\t\t\t\t<\/div>\n\t\t\t\t<\/div>\n\t\t\t\t<\/div>\n\t\t\t\t\t<\/div>\n\t\t\t\t<\/div>\n\t\t\t\t\t<\/div>\n\t\t\t\t<\/div>\n\t\t<div class=\"elementor-element elementor-element-6a0747a home__row home__row_3 e-flex e-con-boxed e-con e-parent\" data-id=\"6a0747a\" data-element_type=\"container\">\n\t\t\t\t\t<div class=\"e-con-inner\">\n\t\t<div class=\"elementor-element elementor-element-44ee175 container e-flex e-con-boxed e-con e-child\" data-id=\"44ee175\" data-element_type=\"container\">\n\t\t\t\t\t<div class=\"e-con-inner\">\n\t\t\t\t<div class=\"elementor-element elementor-element-85e1203 elementor-widget elementor-widget-text-editor\" data-id=\"85e1203\" data-element_type=\"widget\" data-widget_type=\"text-editor.default\">\n\t\t\t\t<div class=\"elementor-widget-container\">\n\t\t\t\t\t\t\t<p><a href=\"https:\/\/tin.eu\" target=\"_blank\" rel=\"noopener\">WI\u0118CEJ<\/a><\/p>\t\t\t\t\t\t<\/div>\n\t\t\t\t<\/div>\n\t\t\t\t\t<\/div>\n\t\t\t\t<\/div>\n\t\t\t\t\t<\/div>\n\t\t\t\t<\/div>\n\t\t\t\t<\/div>\n\t\t","protected":false},"excerpt":{"rendered":"<p>Een paar jaar geleden ontwikkelde TIN de Legal Control App als oplossing voor de berg papierwerk die IMI met zich meebracht en de logistieke uitdaging om de aangiften op tijd bij de chauffeurs in de taxi&#8217;s te krijgen.<\/p>\n","protected":false},"author":1,"featured_media":395,"parent":0,"menu_order":7,"comment_status":"closed","ping_status":"closed","template":"","meta":{"_acf_changed":false,"footnotes":""},"class_list":["post-13","page","type-page","status-publish","has-post-thumbnail","hentry"],"acf":[],"_links":{"self":[{"href":"https:\/\/legalcontrol.eu\/pl\/wp-json\/wp\/v2\/pages\/13","targetHints":{"allow":["GET"]}}],"collection":[{"href":"https:\/\/legalcontrol.eu\/pl\/wp-json\/wp\/v2\/pages"}],"about":[{"href":"https:\/\/legalcontrol.eu\/pl\/wp-json\/wp\/v2\/types\/page"}],"author":[{"embeddable":true,"href":"https:\/\/legalcontrol.eu\/pl\/wp-json\/wp\/v2\/users\/1"}],"replies":[{"embeddable":true,"href":"https:\/\/legalcontrol.eu\/pl\/wp-json\/wp\/v2\/comments?post=13"}],"version-history":[{"count":49,"href":"https:\/\/legalcontrol.eu\/pl\/wp-json\/wp\/v2\/pages\/13\/revisions"}],"predecessor-version":[{"id":985,"href":"https:\/\/legalcontrol.eu\/pl\/wp-json\/wp\/v2\/pages\/13\/revisions\/985"}],"wp:featuredmedia":[{"embeddable":true,"href":"https:\/\/legalcontrol.eu\/pl\/wp-json\/wp\/v2\/media\/395"}],"wp:attachment":[{"href":"https:\/\/legalcontrol.eu\/pl\/wp-json\/wp\/v2\/media?parent=13"}],"curies":[{"name":"wp","href":"https:\/\/api.w.org\/{rel}","templated":true}]}}